{"id":57,"date":"2024-02-07T22:11:21","date_gmt":"2024-02-07T21:11:21","guid":{"rendered":"http:\/\/secret-agent.net\/?page_id=57"},"modified":"2024-02-08T20:29:10","modified_gmt":"2024-02-08T19:29:10","slug":"impressum","status":"publish","type":"page","link":"https:\/\/secret-agent.net\/index.php\/impressum\/","title":{"rendered":"Impressum"},"content":{"rendered":"<p>[et_pb_section fb_built=&#8220;1&#8243; admin_label=&#8220;Header&#8220; _builder_version=&#8220;4.24.0&#8243; use_background_color_gradient=&#8220;on&#8220; background_color_gradient_stops=&#8220;#000000 0%|rgba(0,0,0,0.6) 100%&#8220; background_color_gradient_overlays_image=&#8220;on&#8220; background_color_gradient_start=&#8220;#000000&#8243; background_color_gradient_end=&#8220;rgba(0,0,0,0.6)&#8220; background_image=&#8220;http:\/\/secret-agent.net\/wp-content\/uploads\/2024\/02\/pexels-cottonbro-studio-10480635-scaled.jpg&#8220; custom_margin=&#8220;||||false&#8220; custom_padding=&#8220;10vw||10vw||true|false&#8220; global_colors_info=&#8220;{}&#8220;][et_pb_row _builder_version=&#8220;4.16&#8243; max_width=&#8220;700px&#8220; use_custom_width=&#8220;on&#8220; custom_width_px=&#8220;700px&#8220; global_colors_info=&#8220;{}&#8220;][et_pb_column type=&#8220;4_4&#8243; _builder_version=&#8220;4.16&#8243; custom_padding=&#8220;|||&#8220; global_colors_info=&#8220;{}&#8220; custom_padding__hover=&#8220;|||&#8220;][et_pb_text _builder_version=&#8220;4.24.0&#8243; text_font=&#8220;||||||||&#8220; header_font=&#8220;|700|||||||&#8220; header_font_size=&#8220;48px&#8220; header_line_height=&#8220;1.5em&#8220; header_3_font=&#8220;|500||on|||||&#8220; header_3_font_size=&#8220;14px&#8220; header_3_letter_spacing=&#8220;2px&#8220; header_3_line_height=&#8220;2em&#8220; text_orientation=&#8220;center&#8220; background_layout=&#8220;dark&#8220; header_font_size_tablet=&#8220;38px&#8220; header_font_size_phone=&#8220;28px&#8220; header_font_size_last_edited=&#8220;on|phone&#8220; global_colors_info=&#8220;{}&#8220;]<\/p>\n<h3>Rund um die Uhr verf\u00fcgbar<\/h3>\n<h1>Secret Agent Ltd.<\/h1>\n<p>[\/et_pb_text][et_pb_divider color=&#8220;#EF3B24&#8243; divider_weight=&#8220;4px&#8220; _builder_version=&#8220;4.24.0&#8243; max_width=&#8220;140px&#8220; module_alignment=&#8220;center&#8220; height=&#8220;4px&#8220; global_colors_info=&#8220;{}&#8220;][\/et_pb_divider][et_pb_text _builder_version=&#8220;4.24.0&#8243; text_font=&#8220;|700|||||||&#8220; text_font_size=&#8220;18px&#8220; text_line_height=&#8220;2em&#8220; text_orientation=&#8220;center&#8220; background_layout=&#8220;dark&#8220; custom_margin=&#8220;60px||60px||true&#8220; global_colors_info=&#8220;{}&#8220;]<\/p>\n<p>Ermittlungen, Recherchen , Verm\u00f6gensrecherchen, \u00dcberwachungen, Kooperation mit Nachrichtendiensten,\u00a0 Zusammenarbeit mit Botschaften \/ Konsulaten<\/p>\n<p>[\/et_pb_text][et_pb_button button_url=&#8220;\/#info&#8220; button_text=&#8220;Mehr \u00fcber uns&#8220; button_alignment=&#8220;center&#8220; _builder_version=&#8220;4.24.0&#8243; custom_button=&#8220;on&#8220; button_text_size=&#8220;12px&#8220; button_text_color=&#8220;#ffffff&#8220; button_bg_color=&#8220;#ef3b24&#8243; button_border_color=&#8220;rgba(0,0,0,0)&#8220; button_border_radius=&#8220;0px&#8220; button_letter_spacing=&#8220;2px&#8220; button_font=&#8220;|500||on|||||&#8220; button_use_icon=&#8220;off&#8220; custom_padding=&#8220;16px|32px|16px|32px|true|true&#8220; box_shadow_style=&#8220;preset1&#8243; box_shadow_color=&#8220;rgba(239,59,36,0.24)&#8220; button_letter_spacing_hover=&#8220;2px&#8220; global_colors_info=&#8220;{}&#8220; button_text_size__hover_enabled=&#8220;off&#8220; button_one_text_size__hover_enabled=&#8220;off&#8220; button_two_text_size__hover_enabled=&#8220;off&#8220; button_text_color__hover_enabled=&#8220;off&#8220; button_one_text_color__hover_enabled=&#8220;off&#8220; button_two_text_color__hover_enabled=&#8220;off&#8220; button_border_width__hover_enabled=&#8220;off&#8220; button_one_border_width__hover_enabled=&#8220;off&#8220; button_two_border_width__hover_enabled=&#8220;off&#8220; button_border_color__hover_enabled=&#8220;off&#8220; button_one_border_color__hover_enabled=&#8220;off&#8220; button_two_border_color__hover_enabled=&#8220;off&#8220; button_border_radius__hover_enabled=&#8220;off&#8220; button_one_border_radius__hover_enabled=&#8220;off&#8220; button_two_border_radius__hover_enabled=&#8220;off&#8220; button_letter_spacing__hover_enabled=&#8220;on&#8220; button_letter_spacing__hover=&#8220;2px&#8220; button_one_letter_spacing__hover_enabled=&#8220;off&#8220; button_two_letter_spacing__hover_enabled=&#8220;off&#8220; button_bg_color__hover_enabled=&#8220;off&#8220; button_one_bg_color__hover_enabled=&#8220;off&#8220; button_two_bg_color__hover_enabled=&#8220;off&#8220;][\/et_pb_button][\/et_pb_column][\/et_pb_row][\/et_pb_section][et_pb_section fb_built=&#8220;1&#8243; admin_label=&#8220;Contact Info&#8220; _builder_version=&#8220;4.16&#8243; global_colors_info=&#8220;{}&#8220;][et_pb_row column_structure=&#8220;1_3,1_3,1_3&#8243; _builder_version=&#8220;4.16&#8243; background_color=&#8220;#ffffff&#8220; max_width=&#8220;1280px&#8220; custom_margin=&#8220;-150px|||&#8220; custom_padding=&#8220;60px|40px|60px|40px|true|true&#8220; animation_style=&#8220;zoom&#8220; animation_intensity_zoom=&#8220;20%&#8220; border_width_all=&#8220;3px&#8220; border_color_all=&#8220;#eff5f7&#8243; box_shadow_style=&#8220;preset3&#8243; box_shadow_vertical=&#8220;40px&#8220; box_shadow_blur=&#8220;60px&#8220; box_shadow_spread=&#8220;-10px&#8220; box_shadow_color=&#8220;rgba(0,0,0,0.03)&#8220; use_custom_width=&#8220;on&#8220; custom_width_px=&#8220;1280px&#8220; global_colors_info=&#8220;{}&#8220;][et_pb_column type=&#8220;1_3&#8243; _builder_version=&#8220;4.16&#8243; custom_padding=&#8220;|||&#8220; global_colors_info=&#8220;{}&#8220; custom_padding__hover=&#8220;|||&#8220;][et_pb_blurb title=&#8220;Telefon&#8220; image=&#8220;http:\/\/secret-agent.net\/wp-content\/uploads\/2024\/02\/notary-system-icon-4.png&#8220; icon_placement=&#8220;left&#8220; image_icon_width=&#8220;80px&#8220; content_max_width=&#8220;1100px&#8220; image_icon_width_tablet=&#8220;60px&#8220; image_icon_width_phone=&#8220;60px&#8220; image_icon_width_last_edited=&#8220;on|tablet&#8220; _builder_version=&#8220;4.24.0&#8243; header_font=&#8220;Rubik|500||on|||||&#8220; header_text_color=&#8220;#aebcc3&#8243; header_font_size=&#8220;12px&#8220; header_letter_spacing=&#8220;2px&#8220; header_line_height=&#8220;2em&#8220; body_font=&#8220;|600|||||||&#8220; body_text_color=&#8220;#000000&#8243; hover_enabled=&#8220;0&#8243; body_font_size_tablet=&#8220;12px&#8220; body_font_size_phone=&#8220;&#8220; body_font_size_last_edited=&#8220;on|tablet&#8220; image_max_width=&#8220;80px&#8220; image_max_width_tablet=&#8220;60px&#8220; image_max_width_phone=&#8220;60px&#8220; image_max_width_last_edited=&#8220;on|tablet&#8220; locked=&#8220;off&#8220; global_colors_info=&#8220;{}&#8220; sticky_enabled=&#8220;0&#8243;]<\/p>\n<p><a href=\"tel:+44%20(0) 207 7706340\">+44 (0) 207 7706340<\/a><\/p>\n<p>[\/et_pb_blurb][\/et_pb_column][et_pb_column type=&#8220;1_3&#8243; _builder_version=&#8220;4.16&#8243; custom_padding=&#8220;|||&#8220; global_colors_info=&#8220;{}&#8220; custom_padding__hover=&#8220;|||&#8220;][et_pb_blurb title=&#8220;Email&#8220; image=&#8220;http:\/\/secret-agent.net\/wp-content\/uploads\/2024\/02\/notary-system-icon-3.png&#8220; icon_placement=&#8220;left&#8220; image_icon_width=&#8220;80px&#8220; content_max_width=&#8220;1100px&#8220; image_icon_width_tablet=&#8220;60px&#8220; image_icon_width_phone=&#8220;60px&#8220; image_icon_width_last_edited=&#8220;on|tablet&#8220; _builder_version=&#8220;4.24.0&#8243; header_font=&#8220;Rubik|500||on|||||&#8220; header_text_color=&#8220;#aebcc3&#8243; header_font_size=&#8220;12px&#8220; header_letter_spacing=&#8220;2px&#8220; header_line_height=&#8220;2em&#8220; body_font=&#8220;|600|||||||&#8220; body_text_color=&#8220;#000000&#8243; hover_enabled=&#8220;0&#8243; body_font_size_tablet=&#8220;12px&#8220; body_font_size_phone=&#8220;&#8220; body_font_size_last_edited=&#8220;on|tablet&#8220; image_max_width=&#8220;80px&#8220; image_max_width_tablet=&#8220;60px&#8220; image_max_width_phone=&#8220;60px&#8220; image_max_width_last_edited=&#8220;on|tablet&#8220; locked=&#8220;off&#8220; global_colors_info=&#8220;{}&#8220; sticky_enabled=&#8220;0&#8243;]<\/p>\n<p><a href=\"mailto:info@secret-agent.net\">info@secret-agent.net<\/a><\/p>\n<p>[\/et_pb_blurb][\/et_pb_column][et_pb_column type=&#8220;1_3&#8243; _builder_version=&#8220;4.16&#8243; custom_padding=&#8220;|||&#8220; global_colors_info=&#8220;{}&#8220; custom_padding__hover=&#8220;|||&#8220;][et_pb_blurb title=&#8220;B\u00fcro&#8220; image=&#8220;http:\/\/secret-agent.net\/wp-content\/uploads\/2024\/02\/notary-system-icon-2.png&#8220; icon_placement=&#8220;left&#8220; image_icon_width=&#8220;80px&#8220; content_max_width=&#8220;1100px&#8220; image_icon_width_tablet=&#8220;60px&#8220; image_icon_width_phone=&#8220;60px&#8220; image_icon_width_last_edited=&#8220;on|tablet&#8220; _builder_version=&#8220;4.24.0&#8243; header_font=&#8220;Rubik|500||on|||||&#8220; header_text_color=&#8220;#aebcc3&#8243; header_font_size=&#8220;12px&#8220; header_letter_spacing=&#8220;2px&#8220; header_line_height=&#8220;2em&#8220; body_font=&#8220;|600|||||||&#8220; body_text_color=&#8220;#000000&#8243; body_font_size_tablet=&#8220;12px&#8220; body_font_size_phone=&#8220;&#8220; body_font_size_last_edited=&#8220;on|tablet&#8220; image_max_width=&#8220;80px&#8220; image_max_width_tablet=&#8220;60px&#8220; image_max_width_phone=&#8220;60px&#8220; image_max_width_last_edited=&#8220;on|tablet&#8220; locked=&#8220;off&#8220; global_colors_info=&#8220;{}&#8220;]<\/p>\n<p>Dept 9016, 196 High Road<br \/>Wood Green, London<\/p>\n<p>[\/et_pb_blurb][\/et_pb_column][\/et_pb_row][\/et_pb_section][et_pb_section fb_built=&#8220;1&#8243; _builder_version=&#8220;4.24.0&#8243; _module_preset=&#8220;default&#8220; global_colors_info=&#8220;{}&#8220;][et_pb_row _builder_version=&#8220;4.24.0&#8243; _module_preset=&#8220;default&#8220; global_colors_info=&#8220;{}&#8220;][et_pb_column type=&#8220;4_4&#8243; _builder_version=&#8220;4.24.0&#8243; _module_preset=&#8220;default&#8220; global_colors_info=&#8220;{}&#8220;][et_pb_text _builder_version=&#8220;4.24.0&#8243; text_font=&#8220;||||||||&#8220; text_text_color=&#8220;#000000&#8243; text_font_size=&#8220;15px&#8220; text_line_height=&#8220;2em&#8220; header_font=&#8220;||||||||&#8220; header_2_font=&#8220;Playfair Display|700|||||||&#8220; header_2_font_size=&#8220;42px&#8220; header_2_line_height=&#8220;1.5em&#8220; header_3_font=&#8220;Rubik|500||on|||||&#8220; header_3_text_color=&#8220;#098cf2&#8243; header_3_font_size=&#8220;14px&#8220; header_3_letter_spacing=&#8220;2px&#8220; header_3_line_height=&#8220;2em&#8220; module_alignment=&#8220;center&#8220; text_font_size_tablet=&#8220;&#8220; text_font_size_phone=&#8220;14px&#8220; text_font_size_last_edited=&#8220;on|phone&#8220; header_2_font_size_tablet=&#8220;32px&#8220; header_2_font_size_phone=&#8220;22px&#8220; header_2_font_size_last_edited=&#8220;on|phone&#8220; locked=&#8220;off&#8220; global_colors_info=&#8220;{}&#8220;]<\/p>\n<h2>Impressum<\/h2>\n<p>Verantwortlich f\u00fcr diese Seite ist die<br \/>SECRET AGENT LTD<\/p>\n<p>Director:<br \/>Jack Baratheon White<\/p>\n<p>Sitz:<br \/>Dept 9016<br \/>196 High Road<br \/>Wood Green<br \/>London<br \/>N22 8HH<br \/>United Kingdom<\/p>\n<p>Registered in England &amp; Wales No 07280057<\/p>\n<p>Fon: +44 (0) 207 7706340<br \/>E-Mail: info@secret-agent.net<\/p>\n<p>Der Kontakt wird zun\u00e4chst per E-Mail empfohlen, da wir<br \/>dann bereits von dem entsprechenden Experten zur\u00fcckrufen<br \/>lassen k\u00f6nnen.<\/p>\n<p>Eine Haftung f\u00fcr den Inhalt von Links<br \/>kann nicht \u00fcbernommen werden.<\/p>\n<p>[\/et_pb_text][\/et_pb_column][\/et_pb_row][\/et_pb_section]<\/p>\n","protected":false},"excerpt":{"rendered":"<p>Rund um die Uhr verf\u00fcgbar Secret Agent Ltd.Ermittlungen, Recherchen , Verm\u00f6gensrecherchen, \u00dcberwachungen, Kooperation mit Nachrichtendiensten,\u00a0 Zusammenarbeit mit Botschaften \/ Konsulaten+44 (0) 207 7706340info@secret-agent.netDept 9016, 196 High RoadWood Green, LondonImpressum Verantwortlich f\u00fcr diese Seite ist dieSECRET AGENT LTD Director:Jack Baratheon White Sitz:Dept 9016196 High RoadWood GreenLondonN22 8HHUnited Kingdom Registered in England &amp; Wales No 07280057 Fon: [&hellip;]<\/p>\n","protected":false},"author":1,"featured_media":0,"parent":0,"menu_order":0,"comment_status":"closed","ping_status":"closed","template":"","meta":{"_et_pb_use_builder":"on","_et_pb_old_content":"","_et_gb_content_width":"","footnotes":""},"class_list":["post-57","page","type-page","status-publish","hentry"],"_links":{"self":[{"href":"https:\/\/secret-agent.net\/index.php\/wp-json\/wp\/v2\/pages\/57","targetHints":{"allow":["GET"]}}],"collection":[{"href":"https:\/\/secret-agent.net\/index.php\/wp-json\/wp\/v2\/pages"}],"about":[{"href":"https:\/\/secret-agent.net\/index.php\/wp-json\/wp\/v2\/types\/page"}],"author":[{"embeddable":true,"href":"https:\/\/secret-agent.net\/index.php\/wp-json\/wp\/v2\/users\/1"}],"replies":[{"embeddable":true,"href":"https:\/\/secret-agent.net\/index.php\/wp-json\/wp\/v2\/comments?post=57"}],"version-history":[{"count":6,"href":"https:\/\/secret-agent.net\/index.php\/wp-json\/wp\/v2\/pages\/57\/revisions"}],"predecessor-version":[{"id":100,"href":"https:\/\/secret-agent.net\/index.php\/wp-json\/wp\/v2\/pages\/57\/revisions\/100"}],"wp:attachment":[{"href":"https:\/\/secret-agent.net\/index.php\/wp-json\/wp\/v2\/media?parent=57"}],"curies":[{"name":"wp","href":"https:\/\/api.w.org\/{rel}","templated":true}]}}